{"id":4304,"date":"2022-11-24T21:02:51","date_gmt":"2022-11-24T20:02:51","guid":{"rendered":"http:\/\/ranhotelsomketa.com\/?page_id=4304"},"modified":"2022-11-25T18:36:47","modified_gmt":"2022-11-25T17:36:47","slug":"ateliers-et-cocktails","status":"publish","type":"page","link":"https:\/\/ranhotelsomketa.com\/fr\/ateliers-et-cocktails\/","title":{"rendered":"ATELIERS ET COCKTAILS"},"content":{"rendered":"<h4 class=\"wp-block-heading\"><font color=\"orange\">Ateliers et cocktails<\/font><br><strong>\u00c9v\u00e9nements uniques \u00e0 Ouagadougou<\/strong><\/h4><br>\n\n\n\n<p><\/p>\n\n\n\n<p><\/p>\n\n\n\n<div class=\"wp-block-media-text alignwide is-stacked-on-mobile\"><figure class=\"wp-block-media-text__media\"><img loading=\"lazy\" decoding=\"async\" width=\"810\" height=\"551\" src=\"http:\/\/localhost\/hotelran\/wp-content\/uploads\/2022\/11\/dress-reference-hotel-ouaga-e1657757134930-810x551-2.jpg\" alt=\"\" class=\"wp-image-4312 size-full\" srcset=\"https:\/\/ranhotelsomketa.com\/wp-content\/uploads\/2022\/11\/dress-reference-hotel-ouaga-e1657757134930-810x551-2.jpg 810w, https:\/\/ranhotelsomketa.com\/wp-content\/uploads\/2022\/11\/dress-reference-hotel-ouaga-e1657757134930-810x551-2-300x204.jpg 300w, https:\/\/ranhotelsomketa.com\/wp-content\/uploads\/2022\/11\/dress-reference-hotel-ouaga-e1657757134930-810x551-2-768x522.jpg 768w\" sizes=\"auto, (max-width: 810px) 100vw, 810px\" \/><\/figure><div class=\"wp-block-media-text__content\">\n<h6 class=\"wp-block-heading\"><strong><font color=\"orange\">Le moment convivial qui assurera le succ\u00e8s de votre r\u00e9ception<\/font><\/strong><\/h6>\n\n\n\n<p>Vous \u00eates un particulier, un professionnel, composez-le vous-m\u00eame ou profitez de notre expertise pour choisir le cocktail que vous souhaitez et qui vous convient. R\u00e9ceptions, mariages, anniversaires, vins d\u2019honneur, s\u00e9minaires, repas d\u2019affaires, baby-showers\u2026<\/p>\n\n\n\n<p>Nos prix diff\u00e8rent selon le choix du cocktail et le nombre de pi\u00e8ces choisies\u2026<\/p>\n\n\n\n<div class=\"wp-block-buttons is-layout-flex wp-block-buttons-is-layout-flex\">\n<div class=\"wp-block-button\"><a class=\"wp-block-button__link wp-element-button\" href=\"http:\/\/localhost\/hotelran\/rfp\/\">DEMANDEZ UNE COTATATION<\/a><\/div>\n<\/div>\n<\/div><\/div>","protected":false},"excerpt":{"rendered":"<p>Ateliers et cocktails\u00c9v\u00e9nements uniques \u00e0 Ouagadougou<\/p>","protected":false},"author":1,"featured_media":0,"parent":0,"menu_order":0,"comment_status":"closed","ping_status":"closed","template":"","meta":{"footnotes":""},"class_list":["post-4304","page","type-page","status-publish","hentry"],"_links":{"self":[{"href":"https:\/\/ranhotelsomketa.com\/fr\/wp-json\/wp\/v2\/pages\/4304","targetHints":{"allow":["GET"]}}],"collection":[{"href":"https:\/\/ranhotelsomketa.com\/fr\/wp-json\/wp\/v2\/pages"}],"about":[{"href":"https:\/\/ranhotelsomketa.com\/fr\/wp-json\/wp\/v2\/types\/page"}],"author":[{"embeddable":true,"href":"https:\/\/ranhotelsomketa.com\/fr\/wp-json\/wp\/v2\/users\/1"}],"replies":[{"embeddable":true,"href":"https:\/\/ranhotelsomketa.com\/fr\/wp-json\/wp\/v2\/comments?post=4304"}],"version-history":[{"count":11,"href":"https:\/\/ranhotelsomketa.com\/fr\/wp-json\/wp\/v2\/pages\/4304\/revisions"}],"predecessor-version":[{"id":4344,"href":"https:\/\/ranhotelsomketa.com\/fr\/wp-json\/wp\/v2\/pages\/4304\/revisions\/4344"}],"wp:attachment":[{"href":"https:\/\/ranhotelsomketa.com\/fr\/wp-json\/wp\/v2\/media?parent=4304"}],"curies":[{"name":"wp","href":"https:\/\/api.w.org\/{rel}","templated":true}]}}