{"id":4343,"date":"2022-11-25T19:10:12","date_gmt":"2022-11-25T18:10:12","guid":{"rendered":"http:\/\/ranhotelsomketa.com\/?page_id=4343"},"modified":"2022-11-25T19:28:16","modified_gmt":"2022-11-25T18:28:16","slug":"mariage","status":"publish","type":"page","link":"https:\/\/ranhotelsomketa.com\/fr\/mariage\/","title":{"rendered":"MARIAGE"},"content":{"rendered":"<h3 class=\"wp-block-heading\"><p><strong><font color=\"orange\">Pour Ev\u00e8nement priv\u00e9 \u00e0 Ouagadougou<\/font><\/strong><\/p><\/h3><br>\n\n\n\n<p><\/p>\n\n\n\n<div class=\"wp-block-media-text alignwide is-stacked-on-mobile\"><figure class=\"wp-block-media-text__media\"><img loading=\"lazy\" decoding=\"async\" width=\"1024\" height=\"673\" src=\"http:\/\/localhost\/hotelran\/wp-content\/uploads\/2022\/11\/mariage-reference-hotel-ouaga.jpg\" alt=\"\" class=\"wp-image-4348 size-full\" srcset=\"https:\/\/ranhotelsomketa.com\/wp-content\/uploads\/2022\/11\/mariage-reference-hotel-ouaga.jpg 1024w, https:\/\/ranhotelsomketa.com\/wp-content\/uploads\/2022\/11\/mariage-reference-hotel-ouaga-300x197.jpg 300w, https:\/\/ranhotelsomketa.com\/wp-content\/uploads\/2022\/11\/mariage-reference-hotel-ouaga-768x505.jpg 768w\" sizes=\"auto, (max-width: 1024px) 100vw, 1024px\" \/><\/figure><div class=\"wp-block-media-text__content\">\n<h6 class=\"wp-block-heading\"><strong><font color=\"orange\">Pour le plus beau jour de votre vie<\/font><\/strong><\/h6>\n\n\n\n<p>Laissez-vous s\u00e9duire par un cadre unique et l\u2019expertise professionnelle des \u00e9quipes .&nbsp;<\/p>\n\n\n\n<p>C\u2019est le lieu id\u00e9al pour rendre cet \u00e9v\u00e9nement unique et inoubliable. En interne ou en ext\u00e9rieur, la possibilit\u00e9 de privatiser les lieux fait partie de notre offre. D\u00e9licieux buffet ou menu \u00e0 la carte, en fonction de votre budget, nous adaptons nos propositions de restauration. Des chambres \u00e9quip\u00e9es, des espaces ext\u00e9rieurs uniques, adaptables \u00e0 vos besoins, du personnel qualifi\u00e9, c\u2019est l\u2019endroit qu\u2019il vous faut. Organisation de fian\u00e7ailles, anniversaire de mariage, bapt\u00eame et communion, REFERENCE vous propose un cadre qui s\u2019adapte \u00e0 vos \u00e9v\u00e9nements.<\/p>\n\n\n\n<div class=\"wp-block-buttons is-layout-flex wp-block-buttons-is-layout-flex\">\n<div class=\"wp-block-button\"><a class=\"wp-block-button__link wp-element-button\" href=\"http:\/\/localhost\/hotelran\/rfp\/\">DEMANDEZ UNE COTATION<\/a><\/div>\n<\/div>\n<\/div><\/div>","protected":false},"excerpt":{"rendered":"<p>Pour Ev\u00e8nement priv\u00e9 \u00e0 Ouagadougou<\/p>","protected":false},"author":1,"featured_media":0,"parent":0,"menu_order":0,"comment_status":"closed","ping_status":"closed","template":"","meta":{"footnotes":""},"class_list":["post-4343","page","type-page","status-publish","hentry"],"_links":{"self":[{"href":"https:\/\/ranhotelsomketa.com\/fr\/wp-json\/wp\/v2\/pages\/4343","targetHints":{"allow":["GET"]}}],"collection":[{"href":"https:\/\/ranhotelsomketa.com\/fr\/wp-json\/wp\/v2\/pages"}],"about":[{"href":"https:\/\/ranhotelsomketa.com\/fr\/wp-json\/wp\/v2\/types\/page"}],"author":[{"embeddable":true,"href":"https:\/\/ranhotelsomketa.com\/fr\/wp-json\/wp\/v2\/users\/1"}],"replies":[{"embeddable":true,"href":"https:\/\/ranhotelsomketa.com\/fr\/wp-json\/wp\/v2\/comments?post=4343"}],"version-history":[{"count":9,"href":"https:\/\/ranhotelsomketa.com\/fr\/wp-json\/wp\/v2\/pages\/4343\/revisions"}],"predecessor-version":[{"id":4360,"href":"https:\/\/ranhotelsomketa.com\/fr\/wp-json\/wp\/v2\/pages\/4343\/revisions\/4360"}],"wp:attachment":[{"href":"https:\/\/ranhotelsomketa.com\/fr\/wp-json\/wp\/v2\/media?parent=4343"}],"curies":[{"name":"wp","href":"https:\/\/api.w.org\/{rel}","templated":true}]}}